{"id":794,"date":"2021-01-28T17:26:50","date_gmt":"2021-01-28T17:26:50","guid":{"rendered":"https:\/\/cdn.gillion.shufflehound.com\/tech\/?page_id=794"},"modified":"2024-08-20T07:35:01","modified_gmt":"2024-08-20T07:35:01","slug":"home-tech-elementor","status":"publish","type":"page","link":"https:\/\/itil.works\/","title":{"rendered":"Home &#8211; Tech (Elementor)"},"content":{"rendered":"\t\t<div data-elementor-type=\"wp-page\" data-elementor-id=\"794\" class=\"elementor elementor-794\">\n\t\t\t\t\t\t<section class=\"elementor-section elementor-top-section elementor-element elementor-element-07d558c elementor-section-boxed elementor-section-height-default elementor-section-height-default\" data-id=\"07d558c\" data-element_type=\"section\">\n\t\t\t\t\t\t<div class=\"elementor-container elementor-column-gap-default\">\n\t\t\t\t\t<div class=\"elementor-column elementor-col-100 elementor-top-column elementor-element elementor-element-91a1562\" data-id=\"91a1562\" data-element_type=\"column\">\n\t\t\t<div class=\"elementor-widget-wrap elementor-element-populated\">\n\t\t\t\t\t\t<div class=\"elementor-element elementor-element-2a45e57 elementor-widget elementor-widget-gillion-blog-slider\" data-id=\"2a45e57\" data-element_type=\"widget\" data-widget_type=\"gillion-blog-slider.default\">\n\t\t\t\t<div class=\"elementor-widget-container\">\n\t\t\t\r\n            <script type=\"text\/javascript\">\r\n            window.addEventListener( 'load', function() {\r\n                jQuery('.blog-slider-Bj2mgvas7T').addClass( 'loaded' );\r\n            });\r\n\r\n        \r\n            jQuery(document).ready(function ($) {\r\n\r\n                                                    if( $.isFunction( $.fn.slick ) ) {\r\n                                                $('.blog-slider-Bj2mgvas7T .blog-slider-list').slick({\r\n                        \r\n                            \/* rtl: , *\/\r\n\r\n                            autoplay: true,\r\n                            autoplaySpeed: 6000,\r\n\r\n                            dots: false,\r\n                            arrows: false,\r\n                            swipe:  true,\r\n                            swipeToSlide: true,\r\n                            cssEase: 'cubic-bezier(0.445, 0.05, 0.55, 0.95)',\r\n                            appendDots: $('.blog-slider-Bj2mgvas7T .blog-slider-dots'),\r\n                            fade: false,\r\n                            speed: 500,\r\n                            slidesToScroll: 1,\r\n\r\n                                                            slidesToShow: 1,\r\n                                prevArrow: '<div class=\"slick-prev\"><\/div>',\r\n                                nextArrow: '<div class=\"slick-next\"><\/div>',\r\n                            \r\n                            \r\n                                                    });\r\n                    }\r\n                \r\n\r\n                                \r\n                    $('.blog-slider-Bj2mgvas7T .blog-basic-slider-item-prev').on('click', function() {\r\n                        $('.blog-slider-Bj2mgvas7T .blog-slider-list').slick('slickPrev');\r\n                    });\r\n                    $('.blog-slider-Bj2mgvas7T .blog-basic-slider-item-next').on('click', function() {\r\n                        $('.blog-slider-Bj2mgvas7T .blog-slider-list').slick('slickNext');\r\n                    });\r\n\r\n                \r\n            });\r\n            <\/script>\r\n\r\n\r\n            \r\n\r\n                <div class=\"blog-slider blog-slider-style7 blog-slider-Bj2mgvas7T\">\r\n                    <div class=\"blog-slider-list\">\r\n                        \r\n                                <div class=\"blog-basic-slider-item\">\r\n                                    <div class=\"blog-basic-slider-item-container\" style=\"padding: 0 15px;\">\r\n                                        <div class=\"row\">\r\n                                            <div class=\"col-md-8 col-sm-7 blog-basic-slider-item-thumbnail post-thumbnail\" style=\"background-image: url( https:\/\/itil.works\/wp-content\/uploads\/2024\/08\/Designer-1.jpeg );\">\r\n                                                            <a href=\"https:\/\/itil.works\/?p=983\" class=\"post-overlay\"><\/a>\r\n                                                    <\/div>\r\n                                            <div class=\"col-md-4 col-sm-5\">\r\n                                                <div class=\"blog-slider-content-details\">\r\n                                                    <div class=\"blog-basic-slider-item-controls\">\r\n                                                        <span>\r\n                                                            <i class=\"blog-basic-slider-item-prev icon icon-arrow-left-circle\"><\/i>\r\n                                                        <\/span>\r\n                                                        <span>\r\n                                                            <i class=\"blog-basic-slider-item-next icon icon-arrow-right-circle\"><\/i>\r\n                                                        <\/span>\r\n                                                    <\/div>\r\n\r\n                                                    <div class=\"post-categories-container\">\r\n                <div class=\"post-categories\"><a href=\"https:\/\/itil.works\/?cat=144\">ITIL Wissen<\/a><\/div>\r\n            <\/div>                                                    <a href=\"https:\/\/itil.works\/?p=983\">\r\n                                                        <h2 class=\"post-title\">Willkommen bei itil.works &#8211; dem deutschsprachigen Blog f\u00fcr ITIL-Interessierte<\/h2>\r\n                                                    <\/a>\r\n                                                    <div class=\"post-content\">\r\n                                \t\t\t\t\t\t<p>\ud83d\udc4b Hallo und herzlich willkommen bei itil.works, dem Blog f\u00fcr alle, die mehr \u00fcber ITIL erfahren wollen. Mein Name ist Adrian Probst und ich bin ein ITIL-Ambassador. Das bedeutet, dass ich ITIL nicht nur anwende, sondern auch begeistert davon bin und anderen davon erz\u00e4hlen m\u00f6chte&#8230;.<\/p>\n                                \t\t\t\t\t<\/div>\r\n                                                    <div class=\"post-meta\">\r\n                                                                                                                    \r\n    <div class=\"post-meta-content\">\r\n                    <span class=\"post-auhor-date\">\r\n                                <span>\r\n                <a href=\"https:\/\/itil.works\/?author=2\" class=\"post-author\">Adrian Probst<\/a><\/span>,\r\n                                    <a href=\"https:\/\/itil.works\/?p=983\" class=\"post-date\">\r\n                                                                            2\u00a0Jahren ago                                            <\/a>\r\n                            <\/span>\r\n        \r\n                \r\n                \r\n                            <a href=\"https:\/\/itil.works\/?p=983#comments\" class=\"post-comments\">\r\n                <i class=\"icon icon-bubble\"><\/i>\r\n                0            <\/a>\r\n        \r\n                \r\n                \r\n                            <span class=\"placeholder-post-read-later\"><\/span>\r\n            <\/div>\r\n\r\n                                                                                                            <\/div>\r\n                                                <\/div>\r\n\r\n                                            <\/div>\r\n                                        <\/div>\r\n                                    <\/div>\r\n                                <\/div>\r\n\r\n                            \r\n                                <div class=\"blog-basic-slider-item\">\r\n                                    <div class=\"blog-basic-slider-item-container\" style=\"padding: 0 15px;\">\r\n                                        <div class=\"row\">\r\n                                            <div class=\"col-md-8 col-sm-7 blog-basic-slider-item-thumbnail post-thumbnail\" style=\"background-image: url( https:\/\/itil.works\/wp-content\/uploads\/2024\/05\/Screenshot-2024-08-16-230728.png );\">\r\n                                                            <a href=\"https:\/\/itil.works\/?p=970\" class=\"post-overlay\"><\/a>\r\n                                                    <\/div>\r\n                                            <div class=\"col-md-4 col-sm-5\">\r\n                                                <div class=\"blog-slider-content-details\">\r\n                                                    <div class=\"blog-basic-slider-item-controls\">\r\n                                                        <span>\r\n                                                            <i class=\"blog-basic-slider-item-prev icon icon-arrow-left-circle\"><\/i>\r\n                                                        <\/span>\r\n                                                        <span>\r\n                                                            <i class=\"blog-basic-slider-item-next icon icon-arrow-right-circle\"><\/i>\r\n                                                        <\/span>\r\n                                                    <\/div>\r\n\r\n                                                    <div class=\"post-categories-container\">\r\n                <div class=\"post-categories\"><a href=\"https:\/\/itil.works\/?cat=142\">Live Events<\/a><\/div>\r\n            <\/div>                                                    <a href=\"https:\/\/itil.works\/?p=970\">\r\n                                                        <h2 class=\"post-title\">Mein Review zum Serview Summit 2024<\/h2>\r\n                                                    <\/a>\r\n                                                    <div class=\"post-content\">\r\n                                \t\t\t\t\t\t<p>Ich war vom 15. bis 17. Mai 2024 beim Serview Summit in Seeheim-Jugenheim, einem der gr\u00f6ssten Events f\u00fcr IT-Service-Management in Europa. Es war eine unglaubliche Erfahrung, die ich gerne mit euch teilen m\u00f6chte. Hier sind meine pers\u00f6nlichen Highlights und Eindr\u00fccke vom Summit. Apollo 13 Simulation&#8230;<\/p>\n                                \t\t\t\t\t<\/div>\r\n                                                    <div class=\"post-meta\">\r\n                                                                                                                    \r\n    <div class=\"post-meta-content\">\r\n                    <span class=\"post-auhor-date\">\r\n                                <span>\r\n                <a href=\"https:\/\/itil.works\/?author=2\" class=\"post-author\">Adrian Probst<\/a><\/span>,\r\n                                    <a href=\"https:\/\/itil.works\/?p=970\" class=\"post-date\">\r\n                                                                            2\u00a0Jahren ago                                            <\/a>\r\n                            <\/span>\r\n        \r\n                \r\n                \r\n                            <a href=\"https:\/\/itil.works\/?p=970#comments\" class=\"post-comments\">\r\n                <i class=\"icon icon-bubble\"><\/i>\r\n                0            <\/a>\r\n        \r\n                \r\n                \r\n                            <span class=\"placeholder-post-read-later\"><\/span>\r\n            <\/div>\r\n\r\n                                                                                                            <\/div>\r\n                                                <\/div>\r\n\r\n                                            <\/div>\r\n                                        <\/div>\r\n                                    <\/div>\r\n                                <\/div>\r\n\r\n                            \r\n                                <div class=\"blog-basic-slider-item\">\r\n                                    <div class=\"blog-basic-slider-item-container\" style=\"padding: 0 15px;\">\r\n                                        <div class=\"row\">\r\n                                            <div class=\"col-md-8 col-sm-7 blog-basic-slider-item-thumbnail post-thumbnail\" style=\"background-image: url( https:\/\/itil.works\/wp-content\/uploads\/2024\/08\/swiss-economic-forum.jpg );\">\r\n                                                            <a href=\"https:\/\/itil.works\/?p=921\" class=\"post-overlay\"><\/a>\r\n                                                    <\/div>\r\n                                            <div class=\"col-md-4 col-sm-5\">\r\n                                                <div class=\"blog-slider-content-details\">\r\n                                                    <div class=\"blog-basic-slider-item-controls\">\r\n                                                        <span>\r\n                                                            <i class=\"blog-basic-slider-item-prev icon icon-arrow-left-circle\"><\/i>\r\n                                                        <\/span>\r\n                                                        <span>\r\n                                                            <i class=\"blog-basic-slider-item-next icon icon-arrow-right-circle\"><\/i>\r\n                                                        <\/span>\r\n                                                    <\/div>\r\n\r\n                                                    <div class=\"post-categories-container\">\r\n                <div class=\"post-categories\"><a href=\"https:\/\/itil.works\/?cat=142\">Live Events<\/a><\/div>\r\n            <\/div>                                                    <a href=\"https:\/\/itil.works\/?p=921\">\r\n                                                        <h2 class=\"post-title\">Swiss Economic Forum 2024<\/h2>\r\n                                                    <\/a>\r\n                                                    <div class=\"post-content\">\r\n                                \t\t\t\t\t\t<p>Letzte Woche durfte ich zwei Tage am Swiss Economic Forum in Interlaken verbringen. Als Service Management Consultant mit tiefem Fokus in der Serviceautomatisierung blieb bei mir insbesondere die spannende Session von Futurist Zack Kass h\u00e4ngen. Gerne teile ich meine Gedanken dazu: \ud83d\udcc8 Wir befinden uns&#8230;<\/p>\n                                \t\t\t\t\t<\/div>\r\n                                                    <div class=\"post-meta\">\r\n                                                                                                                    \r\n    <div class=\"post-meta-content\">\r\n                    <span class=\"post-auhor-date\">\r\n                                <span>\r\n                <a href=\"https:\/\/itil.works\/?author=2\" class=\"post-author\">Adrian Probst<\/a><\/span>,\r\n                                    <a href=\"https:\/\/itil.works\/?p=921\" class=\"post-date\">\r\n                                                                            2\u00a0Jahren ago                                            <\/a>\r\n                            <\/span>\r\n        \r\n                \r\n                \r\n                            <a href=\"https:\/\/itil.works\/?p=921#comments\" class=\"post-comments\">\r\n                <i class=\"icon icon-bubble\"><\/i>\r\n                0            <\/a>\r\n        \r\n                \r\n                \r\n                            <span class=\"placeholder-post-read-later\"><\/span>\r\n            <\/div>\r\n\r\n                                                                                                            <\/div>\r\n                                                <\/div>\r\n\r\n                                            <\/div>\r\n                                        <\/div>\r\n                                    <\/div>\r\n                                <\/div>\r\n\r\n                                                <\/div>\r\n                    <div class=\"blog-slider-dots\"><\/div>\r\n                <\/div>\r\n\r\n\r\n            \t\t<\/div>\n\t\t\t\t<\/div>\n\t\t\t\t\t<\/div>\n\t\t<\/div>\n\t\t\t\t\t<\/div>\n\t\t<\/section>\n\t\t\t\t<\/div>\n\t\t","protected":false},"excerpt":{"rendered":"<p>ITIL Wissen Willkommen bei itil.works &#8211; dem deutschsprachigen Blog f\u00fcr ITIL-Interessierte \ud83d\udc4b Hallo und herzlich willkommen bei itil.works, dem Blog f\u00fcr alle, die mehr \u00fcber ITIL erfahren wollen. Mein Name ist Adrian Probst und ich bin ein ITIL-Ambassador. Das bedeutet, dass ich ITIL nicht nur&#8230;<\/p>\n","protected":false},"author":2,"featured_media":0,"parent":0,"menu_order":0,"comment_status":"closed","ping_status":"closed","template":"page-blog.php","meta":{"footnotes":""},"class_list":["post-794","page","type-page","status-publish","hentry"],"amp_enabled":false,"_links":{"self":[{"href":"https:\/\/itil.works\/index.php?rest_route=\/wp\/v2\/pages\/794","targetHints":{"allow":["GET"]}}],"collection":[{"href":"https:\/\/itil.works\/index.php?rest_route=\/wp\/v2\/pages"}],"about":[{"href":"https:\/\/itil.works\/index.php?rest_route=\/wp\/v2\/types\/page"}],"author":[{"embeddable":true,"href":"https:\/\/itil.works\/index.php?rest_route=\/wp\/v2\/users\/2"}],"replies":[{"embeddable":true,"href":"https:\/\/itil.works\/index.php?rest_route=%2Fwp%2Fv2%2Fcomments&post=794"}],"version-history":[{"count":18,"href":"https:\/\/itil.works\/index.php?rest_route=\/wp\/v2\/pages\/794\/revisions"}],"predecessor-version":[{"id":988,"href":"https:\/\/itil.works\/index.php?rest_route=\/wp\/v2\/pages\/794\/revisions\/988"}],"wp:attachment":[{"href":"https:\/\/itil.works\/index.php?rest_route=%2Fwp%2Fv2%2Fmedia&parent=794"}],"curies":[{"name":"wp","href":"https:\/\/api.w.org\/{rel}","templated":true}]}}