{"id":2,"date":"2024-03-03T17:43:57","date_gmt":"2024-03-03T17:43:57","guid":{"rendered":"https:\/\/itil.works\/?page_id=2"},"modified":"2024-08-19T14:24:06","modified_gmt":"2024-08-19T14:24:06","slug":"sample-page","status":"publish","type":"page","link":"https:\/\/itil.works\/?page_id=2","title":{"rendered":"\u00dcber mich"},"content":{"rendered":"\t\t<div data-elementor-type=\"wp-page\" data-elementor-id=\"2\" class=\"elementor elementor-2\">\n\t\t\t\t<div class=\"elementor-element elementor-element-5296de5 e-flex e-con-boxed e-con e-parent\" data-id=\"5296de5\" data-element_type=\"container\">\n\t\t\t\t\t<div class=\"e-con-inner\">\n\t\t\t\t<div class=\"elementor-element elementor-element-c4c98e7 elementor-widget elementor-widget-heading\" data-id=\"c4c98e7\" data-element_type=\"widget\" data-widget_type=\"heading.default\">\n\t\t\t\t<div class=\"elementor-widget-container\">\n\t\t\t<h2 class=\"elementor-heading-title elementor-size-default\">Hallo! Ich bin Adrian Probst<\/h2>\t\t<\/div>\n\t\t\t\t<\/div>\n\t\t\t\t<div class=\"elementor-element elementor-element-5027062 elementor-widget elementor-widget-text-editor\" data-id=\"5027062\" data-element_type=\"widget\" data-widget_type=\"text-editor.default\">\n\t\t\t\t<div class=\"elementor-widget-container\">\n\t\t\t\t\t\t\t<p>Mein Name ist Adrian Probst und ich bin leidenschaftlicher Service Management Consultant und Unternehmer. Ich habe \u00fcber 10 Jahre Erfahrung und durfte in dieser Zeit diverse Kunden in diesem Bereich beraten.<\/p><p>Meine Laufbahn begann mit einer Ausbildung zum Informatiker mit einem technischen Fokus. Mit dem Bachelor in Wirtschaftsinformatik und einem Master in Business Administration faszinierte mich immer das Zusammenspiel zwischen dem Business als Kunden und er IT. Es erstaunt also nicht, dass ich \u00fcber s\u00e4mtliche wichtigen ITIL Zertifizierungen verf\u00fcge und mich als Peoplecert Ambassor engagiere.<\/p><p>Hier geht es zu meinem <a href=\"https:\/\/www.peoplecert.org\/public-profile?ed=XCHu3ZqUTNKoY5d%2bGEF7LA%3d%3d\" target=\"_blank\" rel=\"noopener\">Peoplecert Profil<\/a><\/p><p>In diesem Blog ver\u00f6ffentliche ich regelm\u00e4ssig deutschsprachige Blogposts \u00fcber interessante Themen rund um das Framework ITIL 4 und allgemeinen Themen und Gedanken zum Thema Service Management. Ich versuche immer die Praxis in den Vordergrund zu r\u00fccken und direkte spannende Erfahrungen mit der Community zu teilen.<\/p><p style=\"margin-bottom: 0px;\">Vielen Dank f\u00fcr deinen Besuch!<\/p>\t\t\t\t\t\t<\/div>\n\t\t\t\t<\/div>\n\t\t\t\t<div class=\"elementor-element elementor-element-fd61dfa elementor-widget elementor-widget-image-carousel\" data-id=\"fd61dfa\" data-element_type=\"widget\" data-settings=\"{&quot;navigation&quot;:&quot;none&quot;,&quot;autoplay&quot;:&quot;yes&quot;,&quot;pause_on_hover&quot;:&quot;yes&quot;,&quot;pause_on_interaction&quot;:&quot;yes&quot;,&quot;autoplay_speed&quot;:5000,&quot;infinite&quot;:&quot;yes&quot;,&quot;speed&quot;:500}\" data-widget_type=\"image-carousel.default\">\n\t\t\t\t<div class=\"elementor-widget-container\">\n\t\t\t\t\t<div class=\"elementor-image-carousel-wrapper swiper\" dir=\"ltr\">\n\t\t\t<div class=\"elementor-image-carousel swiper-wrapper\" aria-live=\"off\">\n\t\t\t\t\t\t\t\t<div class=\"swiper-slide\" role=\"group\" aria-roledescription=\"slide\" aria-label=\"1 von 3\"><figure class=\"swiper-slide-inner\"><img decoding=\"async\" class=\"swiper-slide-image\" src=\"https:\/\/itil.works\/wp-content\/uploads\/2024\/04\/Operaio@Work-Verkleinert-31-von-46-1024x683.jpg\" alt=\"Operaio@Work-Verkleinert (31 von 46)\" \/><\/figure><\/div><div class=\"swiper-slide\" role=\"group\" aria-roledescription=\"slide\" aria-label=\"2 von 3\"><figure class=\"swiper-slide-inner\"><img decoding=\"async\" class=\"swiper-slide-image\" src=\"https:\/\/itil.works\/wp-content\/uploads\/2024\/04\/Operaio@Work-Verkleinert-36-von-46-1024x683.jpg\" alt=\"Operaio@Work-Verkleinert (36 von 46)\" \/><\/figure><\/div><div class=\"swiper-slide\" role=\"group\" aria-roledescription=\"slide\" aria-label=\"3 von 3\"><figure class=\"swiper-slide-inner\"><img decoding=\"async\" class=\"swiper-slide-image\" src=\"https:\/\/itil.works\/wp-content\/uploads\/2024\/04\/Operaio-Adrian-WEB-1-von-1-1024x683.jpg\" alt=\"Operaio-Adrian-WEB (1 von 1)\" \/><\/figure><\/div>\t\t\t<\/div>\n\t\t\t\t\t\t\t\n\t\t\t\t\t\t\t\t\t<\/div>\n\t\t\t\t<\/div>\n\t\t\t\t<\/div>\n\t\t\t\t<div class=\"elementor-element elementor-element-fb17a1c elementor-widget elementor-widget-image-gallery\" data-id=\"fb17a1c\" data-element_type=\"widget\" data-widget_type=\"image-gallery.default\">\n\t\t\t\t<div class=\"elementor-widget-container\">\n\t\t\t\t\t<div class=\"elementor-image-gallery\">\n\t\t\t<div class=\"post-content-gallery justify columns2\" data-justify=\"180\">\r\n            <div class=\"post-content-gallery-item\">\r\n                <a href=\"https:\/\/itil.works\/wp-content\/uploads\/2024\/04\/PC_Ambassador_BADGE_ITIL.png\" data-rel=\"lightcase:gallery-szcGp5\" data-lc-title=\"ITIL Ambassador\">\r\n                    <img decoding=\"async\" src=\"https:\/\/itil.works\/wp-content\/uploads\/2024\/04\/PC_Ambassador_BADGE_ITIL-1024x1024.png\" alt=\"ITIL Ambassador\" \/>\r\n                    <div class=\"post-content-gallery-item-caption\">ITIL Ambassador<\/div>\r\n                <\/a>\r\n            <\/div>\r\n            <div class=\"post-content-gallery-item\">\r\n                <a href=\"https:\/\/itil.works\/wp-content\/uploads\/2024\/04\/ITIL-Master.png\" data-rel=\"lightcase:gallery-szcGp5\" data-lc-title=\"ITIL Master\">\r\n                    <img decoding=\"async\" src=\"https:\/\/itil.works\/wp-content\/uploads\/2024\/04\/ITIL-Master.png\" alt=\"ITIL Master\" \/>\r\n                    <div class=\"post-content-gallery-item-caption\">ITIL Master<\/div>\r\n                <\/a>\r\n            <\/div>\r\n            <div class=\"post-content-gallery-item\">\r\n                <a href=\"https:\/\/itil.works\/wp-content\/uploads\/2024\/04\/Managing-Professional.png\" data-rel=\"lightcase:gallery-szcGp5\" data-lc-title=\"ITIL Managing Professional\">\r\n                    <img decoding=\"async\" src=\"https:\/\/itil.works\/wp-content\/uploads\/2024\/04\/Managing-Professional.png\" alt=\"ITIL Managing Professional\" \/>\r\n                    <div class=\"post-content-gallery-item-caption\">ITIL Managing Professional<\/div>\r\n                <\/a>\r\n            <\/div>\r\n            <div class=\"post-content-gallery-item\">\r\n                <a href=\"https:\/\/itil.works\/wp-content\/uploads\/2024\/04\/Strategic-Leader.png\" data-rel=\"lightcase:gallery-szcGp5\" data-lc-title=\"ITIL Strategic Leader\">\r\n                    <img decoding=\"async\" src=\"https:\/\/itil.works\/wp-content\/uploads\/2024\/04\/Strategic-Leader.png\" alt=\"ITIL Strategic Leader\" \/>\r\n                    <div class=\"post-content-gallery-item-caption\">ITIL Strategic Leader<\/div>\r\n                <\/a>\r\n            <\/div>\r\n            <div class=\"post-content-gallery-item\">\r\n                <a href=\"https:\/\/itil.works\/wp-content\/uploads\/2024\/04\/Practice-Manager.png\" data-rel=\"lightcase:gallery-szcGp5\" data-lc-title=\"ITIL Practice Manager\">\r\n                    <img decoding=\"async\" src=\"https:\/\/itil.works\/wp-content\/uploads\/2024\/04\/Practice-Manager.png\" alt=\"ITIL Practice Manager\" \/>\r\n                    <div class=\"post-content-gallery-item-caption\">ITIL Practice Manager<\/div>\r\n                <\/a>\r\n            <\/div><\/div>\t\t<\/div>\n\t\t\t\t<\/div>\n\t\t\t\t<\/div>\n\t\t\t\t\t<\/div>\n\t\t\t\t<\/div>\n\t\t<div class=\"elementor-element elementor-element-0a8fdf7 e-flex e-con-boxed e-con e-parent\" data-id=\"0a8fdf7\" data-element_type=\"container\">\n\t\t\t\t\t<div class=\"e-con-inner\">\n\t\t\t\t\t<\/div>\n\t\t\t\t<\/div>\n\t\t\t\t<\/div>\n\t\t","protected":false},"excerpt":{"rendered":"<p>Hallo! Ich bin Adrian Probst Mein Name ist Adrian Probst und ich bin leidenschaftlicher Service Management Consultant und Unternehmer. Ich habe \u00fcber 10 Jahre Erfahrung und durfte in dieser Zeit diverse Kunden in diesem Bereich beraten. Meine Laufbahn begann mit einer Ausbildung zum Informatiker mit&#8230;<\/p>\n","protected":false},"author":2,"featured_media":0,"parent":0,"menu_order":0,"comment_status":"closed","ping_status":"closed","template":"","meta":{"footnotes":""},"class_list":["post-2","page","type-page","status-publish","hentry"],"amp_enabled":true,"_links":{"self":[{"href":"https:\/\/itil.works\/index.php?rest_route=\/wp\/v2\/pages\/2","targetHints":{"allow":["GET"]}}],"collection":[{"href":"https:\/\/itil.works\/index.php?rest_route=\/wp\/v2\/pages"}],"about":[{"href":"https:\/\/itil.works\/index.php?rest_route=\/wp\/v2\/types\/page"}],"author":[{"embeddable":true,"href":"https:\/\/itil.works\/index.php?rest_route=\/wp\/v2\/users\/2"}],"replies":[{"embeddable":true,"href":"https:\/\/itil.works\/index.php?rest_route=%2Fwp%2Fv2%2Fcomments&post=2"}],"version-history":[{"count":88,"href":"https:\/\/itil.works\/index.php?rest_route=\/wp\/v2\/pages\/2\/revisions"}],"predecessor-version":[{"id":982,"href":"https:\/\/itil.works\/index.php?rest_route=\/wp\/v2\/pages\/2\/revisions\/982"}],"wp:attachment":[{"href":"https:\/\/itil.works\/index.php?rest_route=%2Fwp%2Fv2%2Fmedia&parent=2"}],"curies":[{"name":"wp","href":"https:\/\/api.w.org\/{rel}","templated":true}]}}